{"id":264,"date":"2018-06-13T08:27:10","date_gmt":"2018-06-13T08:27:10","guid":{"rendered":"http:\/\/stutz-dr.com\/?page_id=264"},"modified":"2019-09-26T04:39:03","modified_gmt":"2019-09-26T04:39:03","slug":"datenschutzerklaerung","status":"publish","type":"page","link":"https:\/\/stutz-dr.com\/?page_id=264","title":{"rendered":"Datenschutzerkl\u00e4rung"},"content":{"rendered":"<p><strong>Die nachfolgende Datenschutzerkl\u00e4rung gliedert sich in:<\/strong><\/p>\n<ol>\n<li><strong>Allgemeine Hinweise <\/strong><\/li>\n<li><strong>Datenerfassung und Verarbeitung personenbezogener Daten<\/strong><\/li>\n<li><strong>Weitergabe der Daten an Dritte<\/strong><\/li>\n<li><strong>Rechte betreffend Verarbeitung, Auskunft &amp; L\u00f6schung<br \/>\n<\/strong><\/li>\n<li><strong>Cookies<\/strong><\/li>\n<li><strong>Widerspruchsrecht<\/strong><\/li>\n<\/ol>\n<p>1.) <strong>Allgemeine Hinweise<\/strong><\/p>\n<p>Sehr geehrte Besucherinnen und Besucher unserer Website <a href=\"http:\/\/www.stutz-dr.com\">www.stutz-dr.com<\/a>, wir nehmen die Sicherheit und den Schutz Ihrer Daten sehr ernst und m\u00f6chten, dass Sie sich beim Besuch unserer Homepage sicher f\u00fchlen.<\/p>\n<p>Die folgenden Hinweise geben Ihnen einen einfachen \u00dcberblick dar\u00fcber, wie wir mit Ihren Daten, bei Benutzung unserer Homepage, umgehen.<\/p>\n<p>Personenbezogene Daten sind alle Daten, mit denen Sie pers\u00f6nlich identifiziert werden k\u00f6nnen (Name, E-Mail, Nutzerverhalten).<\/p>\n<p>Ausf\u00fchrliche Informationen entnehmen Sie dem folgenden Text der Datenschutzerkl\u00e4rung.<\/p>\n<p>2.) <strong>Datenerfassung und Verarbeitung personenbezogener Daten<\/strong><\/p>\n<p>Unsere Internetseite erfasst durch den Aufruf einer betroffenen Person oder ein automatisiertes System eine Reihe von allgemeinen Daten und Informationen. Diese werden in den Logfiles des Servers gespeichert. Erfasst werden:<\/p>\n<ul>\n<li>IP-Adresse<\/li>\n<li>Datum und Uhrzeit der Anfrage<\/li>\n<li>Zeitzonendifferenz (GMT)<\/li>\n<li>Inhalt der Anforderung<\/li>\n<li>Zugriffstatus\/http \u2013 Statuscode<\/li>\n<li>\u00dcbertragene Datenmenge<\/li>\n<li>Aufforderungswebsite<\/li>\n<li>Browser \u2013 Betriebssystem und dessen Oberfl\u00e4che<\/li>\n<li>Sprache und Version der Browsersoftware<\/li>\n<\/ul>\n<p>Verarbeitung der Daten:<\/p>\n<p>Ein Teil der Daten wird erhoben, um eine fehlerfreie Bereitstellung der Website zu gew\u00e4hrleisten. Andere k\u00f6nnen zur Analyse Ihres Nutzverhaltens verwendet werden.<\/p>\n<p>Sofern diese vorgenannten Daten durch unsere Praxis genutzt werden, werden keine R\u00fcckschl\u00fcsse auf die betroffene Person zugelassen. Diese Informationen werden vielmehr ben\u00f6tigt, um<\/p>\n<ul>\n<li>die Inhalte unserer Internetseite korrekt auszuliefern,<\/li>\n<li>die dauerhafte Funktionsf\u00e4higkeit unserer informationstechnologischen Systeme und der Technik unserer Internetseite zu gew\u00e4hrleisten sowie<\/li>\n<li>um Strafverfolgungsbeh\u00f6rden im Falle eines Cyberangriffes die zur Strafverfolgung notwendigen Informationen bereitzustellen.<\/li>\n<\/ul>\n<p>3.) <strong>Weitergabe der Daten an Dritte<\/strong><\/p>\n<p>Die von Ihnen eingegebenen Daten werden ausschlie\u00dflich f\u00fcr interne Verwendung bei dem f\u00fcr die Verarbeitung Verantwortlichen und f\u00fcr eigene Zwecke erhoben und gespeichert. Ein Verkauf Ihrer Daten an Dritte und\/oder Weitergabe der Daten zwecks Vermarktung wird hiermit ausgeschlossen.<\/p>\n<p>Ihre Daten k\u00f6nnen ohne Ihre ausdr\u00fcckliche Einwilligung an Strafverfolgungsbeh\u00f6rden sowie gegebenenfalls an gesch\u00e4digte Dritte weitergeleitet werden; sofern es zur Aufkl\u00e4rung einer rechtwidrigen Nutzung unserer Dienste oder der Rechtsverfolgung erforderlich ist.<\/p>\n<p>4.) <strong>Rechte betreffend Verarbeitung, Auskunft &amp; L\u00f6schung<\/strong><\/p>\n<p>Sie haben jederzeit das Recht, unentgeltlich Auskunft \u00fcber Herkunft, Empf\u00e4nger und Zweck Ihrer gespeicherten personenbezogenen Daten zu erhalten. Sie haben au\u00dferdem das Recht, die Berechtigung, Sperrung oder L\u00f6schung der Daten zu erhalten.<\/p>\n<p>5.) <strong>Cookies<\/strong><\/p>\n<p>Cookies sind Daten, die von einer Website, die Sie besuchen, auf Ihrem Rechner gespeichert werden. Cookies dienen dazu, unser Angebot nutzerfreundlich, effektiver und sicherer zu machen. Cookies sind kleine Textdateien, die auf Ihrem Rechner abgelegt werden und die Ihr Browser speichert. Sie speichern Informationen, z.B. Ihre bevorzugte Sprache oder andere Einstellungen. Sie k\u00f6nnen Ihren Browser so einstellen, dass Sie \u00fcber die Aktivierung von Cookies benachrichtigt werden.<\/p>\n<p>6.)<strong> Widerspruchsrecht<\/strong><\/p>\n<p>Sollten Sie mit der Speicherung\/Nutzung\/Verarbeitung Ihrer Daten nicht einverstanden sein, haben Sie das Recht jederzeit Widerspruch einzulegen. Wir werden die Verarbeitung Ihrer Daten einstellen.<\/p>\n","protected":false},"excerpt":{"rendered":"<p>Die nachfolgende Datenschutzerkl\u00e4rung gliedert sich in: Allgemeine Hinweise Datenerfassung und Verarbeitung personenbezogener Daten Weitergabe der Daten an Dritte Rechte betreffend&hellip; <a class=\"read-more\" href=\"https:\/\/stutz-dr.com\/?page_id=264\">Weiterlesen <span class=\"screen-reader-text\">Datenschutzerkl\u00e4rung<\/span><\/a><\/p>\n","protected":false},"author":1,"featured_media":0,"parent":0,"menu_order":0,"comment_status":"closed","ping_status":"closed","template":"","meta":{"footnotes":""},"class_list":["post-264","page","type-page","status-publish","hentry"],"jetpack_sharing_enabled":true,"_links":{"self":[{"href":"https:\/\/stutz-dr.com\/index.php?rest_route=\/wp\/v2\/pages\/264","targetHints":{"allow":["GET"]}}],"collection":[{"href":"https:\/\/stutz-dr.com\/index.php?rest_route=\/wp\/v2\/pages"}],"about":[{"href":"https:\/\/stutz-dr.com\/index.php?rest_route=\/wp\/v2\/types\/page"}],"author":[{"embeddable":true,"href":"https:\/\/stutz-dr.com\/index.php?rest_route=\/wp\/v2\/users\/1"}],"replies":[{"embeddable":true,"href":"https:\/\/stutz-dr.com\/index.php?rest_route=%2Fwp%2Fv2%2Fcomments&post=264"}],"version-history":[{"count":4,"href":"https:\/\/stutz-dr.com\/index.php?rest_route=\/wp\/v2\/pages\/264\/revisions"}],"predecessor-version":[{"id":305,"href":"https:\/\/stutz-dr.com\/index.php?rest_route=\/wp\/v2\/pages\/264\/revisions\/305"}],"wp:attachment":[{"href":"https:\/\/stutz-dr.com\/index.php?rest_route=%2Fwp%2Fv2%2Fmedia&parent=264"}],"curies":[{"name":"wp","href":"https:\/\/api.w.org\/{rel}","templated":true}]}}