{"id":28,"date":"2018-01-19T12:41:36","date_gmt":"2018-01-19T12:41:36","guid":{"rendered":"http:\/\/stutz-dr.com\/?page_id=28"},"modified":"2026-03-05T10:48:45","modified_gmt":"2026-03-05T10:48:45","slug":"unsere-praxis-2","status":"publish","type":"page","link":"https:\/\/stutz-dr.com\/?page_id=28","title":{"rendered":"Unsere Praxis"},"content":{"rendered":"<div>\n<p><span style=\"font-size: 18pt;\"><a href=\"https:\/\/stutz-dr.com\/wp-content\/uploads\/2018\/01\/p1010040.jpg\" target=\"_blank\" rel=\"noopener noreferrer\"><img loading=\"lazy\" decoding=\"async\" class=\"alignright wp-image-205\" src=\"https:\/\/stutz-dr.com\/wp-content\/uploads\/2018\/01\/p1010040.jpg\" alt=\"\" width=\"235\" height=\"314\" srcset=\"https:\/\/stutz-dr.com\/wp-content\/uploads\/2018\/01\/p1010040.jpg 903w, https:\/\/stutz-dr.com\/wp-content\/uploads\/2018\/01\/p1010040-225x300.jpg 225w, https:\/\/stutz-dr.com\/wp-content\/uploads\/2018\/01\/p1010040-768x1024.jpg 768w, https:\/\/stutz-dr.com\/wp-content\/uploads\/2018\/01\/p1010040-660x880.jpg 660w\" sizes=\"auto, (max-width: 235px) 100vw, 235px\" \/><\/a>Praxisklinik Dr. med. Josef J. Stutz<\/span><\/p>\n<div>Chirurg &#8211; Phlebologe &#8211; Lymphologe<\/div>\n<div>Schwerpunktpraxis Lymph\u00f6dem<\/div>\n<div>Schwerpunktpraxis Lip\u00f6dem<\/div>\n<div><\/div>\n<div>Thiemitztalstra\u00dfe 6<\/div>\n<div>95131 Schwarzenbach am Wald<\/div>\n<h4><\/h4>\n<div><span style=\"text-decoration: underline;\">Sprechzeiten:<\/span><\/div>\n<div>Montag: 15:00 bis 18:00 Uhr<\/div>\n<div>Mittwoch: 07:30 bis 12:00 Uhr<\/div>\n<div>Freitag: 13:00 bis 17:00 Uhr<\/div>\n<h3><\/h3>\n<\/div>\n<div>Eine telefonische Terminvereinbarung zur Vermeidung von Wartezeiten ist sinnvoll. Wir sind t\u00e4glich ab 8:00 Uhr zu erreichen:<\/div>\n<h3><\/h3>\n<div>\n<div>Telefon: 09289\/970 800<\/div>\n<div>Telefax: 09289\/970 801<\/div>\n<div>email:<span style=\"color: #0000ff;\"> <a style=\"color: #0000ff;\" href=\"mailto:stutz.dr@t-online.de\">stutz.dr@t-online.de<\/a><\/span><\/div>\n<div>\n<hr \/>\n<\/div>\n<div><span style=\"font-size: 18pt;\">Privatpraxis Dr. med. Josef J. Stutz<\/span><\/div>\n<h5><\/h5>\n<div>(Praxisr\u00e4ume Dr. Gycha\/Dr. Petterich)<\/div>\n<div>Friedrich &#8211; von &#8211; Schiller &#8211; Stra\u00dfe 3b<\/div>\n<div>95444 Bayreuth<\/div>\n<div>Sprechstunden: Mittwoch\u00a0Nachmittag\u00a0nach telefonischer Vereinbarung.<\/div>\n<div>Telefon: 0921 \/ 151 273 59<\/div>\n<div>Telefax: 0921 \/ 820 88<\/div>\n<div>email:<span style=\"color: #0000ff;\"> <a style=\"color: #0000ff;\" href=\"mailto:stutz.dr@-online.de\">stutz.dr@-online.de<\/a><\/span><\/div>\n<\/div>\n","protected":false},"excerpt":{"rendered":"<p>Praxisklinik Dr. med. Josef J. Stutz Chirurg &#8211; Phlebologe &#8211; Lymphologe Schwerpunktpraxis Lymph\u00f6dem Schwerpunktpraxis Lip\u00f6dem Thiemitztalstra\u00dfe 6 95131 Schwarzenbach am&hellip; <a class=\"read-more\" href=\"https:\/\/stutz-dr.com\/?page_id=28\">Weiterlesen <span class=\"screen-reader-text\">Unsere Praxis<\/span><\/a><\/p>\n","protected":false},"author":1,"featured_media":0,"parent":0,"menu_order":0,"comment_status":"closed","ping_status":"closed","template":"","meta":{"footnotes":""},"class_list":["post-28","page","type-page","status-publish","hentry"],"jetpack_sharing_enabled":true,"_links":{"self":[{"href":"https:\/\/stutz-dr.com\/index.php?rest_route=\/wp\/v2\/pages\/28","targetHints":{"allow":["GET"]}}],"collection":[{"href":"https:\/\/stutz-dr.com\/index.php?rest_route=\/wp\/v2\/pages"}],"about":[{"href":"https:\/\/stutz-dr.com\/index.php?rest_route=\/wp\/v2\/types\/page"}],"author":[{"embeddable":true,"href":"https:\/\/stutz-dr.com\/index.php?rest_route=\/wp\/v2\/users\/1"}],"replies":[{"embeddable":true,"href":"https:\/\/stutz-dr.com\/index.php?rest_route=%2Fwp%2Fv2%2Fcomments&post=28"}],"version-history":[{"count":42,"href":"https:\/\/stutz-dr.com\/index.php?rest_route=\/wp\/v2\/pages\/28\/revisions"}],"predecessor-version":[{"id":462,"href":"https:\/\/stutz-dr.com\/index.php?rest_route=\/wp\/v2\/pages\/28\/revisions\/462"}],"wp:attachment":[{"href":"https:\/\/stutz-dr.com\/index.php?rest_route=%2Fwp%2Fv2%2Fmedia&parent=28"}],"curies":[{"name":"wp","href":"https:\/\/api.w.org\/{rel}","templated":true}]}}