{"id":30,"date":"2018-01-19T12:41:37","date_gmt":"2018-01-19T12:41:37","guid":{"rendered":"http:\/\/stutz-dr.com\/?page_id=30"},"modified":"2025-07-31T07:27:12","modified_gmt":"2025-07-31T07:27:12","slug":"venenerkrankungen","status":"publish","type":"page","link":"https:\/\/stutz-dr.com\/?page_id=30","title":{"rendered":"Venenerkrankungen"},"content":{"rendered":"<div><span style=\"font-size: 24pt;\"><strong>Laser &#8211; Venentherapie<\/strong><\/span><\/div>\n<div>Die endoluminale Laser-Varizenbehandlung ist ein neuartiges, operationsersetzendes, minimal invasives Verfahren zur Behandlung von Krampfadern (Varikosis).<\/div>\n<h6><\/h6>\n<div><span style=\"text-decoration: underline;\">Vorteile:<\/span><\/div>\n<ul>\n<li>nahezu schmerzfrei &#8211; verglichen mit der Stripping &#8211; OP<\/li>\n<li>einfache Handhabung und Durchf\u00fchrung<\/li>\n<li>keine Allgemeinnarkose erforderlich, Behandlung in Lokalan\u00e4sthesie<\/li>\n<li>ambulante Behandlung<\/li>\n<li>keine Krankschreibung n\u00f6tig (sofort wieder arbeitsf\u00e4hig)<\/li>\n<li>keine Operationsnarbe<\/li>\n<li>\n<div>keine Einschr\u00e4nkung der Fahrt\u00fcchtigkeit, soweit keine Beruhigung erw\u00fcnscht wird<\/div>\n<\/li>\n<\/ul>\n<div><span style=\"text-decoration: underline;\">Durchf\u00fchrung:<\/span><\/div>\n<div>Die Stammvene wird mit einer feinen Nadel punktiert, anschlie\u00dfend erfolgt die Einf\u00fchrung einer Sonde und die Laserung der Krampfader von innen. Durch die Laserimpulse kommt es zu einer Zerst\u00f6rung der Krampfader. Die Vene wird sozusagen verschwei\u00dft; es wird ein Zustand erreicht, der einer operativen Entfernung gleich kommt.<\/div>\n<h5><\/h5>\n<div><a href=\"https:\/\/stutz-dr.com\/wp-content\/uploads\/2018\/01\/Unbenannt.jpg\" target=\"_blank\" rel=\"noopener noreferrer\"><img loading=\"lazy\" decoding=\"async\" class=\"alignnone wp-image-199 size-full\" src=\"https:\/\/stutz-dr.com\/wp-content\/uploads\/2018\/01\/Unbenannt.jpg\" alt=\"\" width=\"721\" height=\"560\" srcset=\"https:\/\/stutz-dr.com\/wp-content\/uploads\/2018\/01\/Unbenannt.jpg 721w, https:\/\/stutz-dr.com\/wp-content\/uploads\/2018\/01\/Unbenannt-300x233.jpg 300w, https:\/\/stutz-dr.com\/wp-content\/uploads\/2018\/01\/Unbenannt-660x513.jpg 660w\" sizes=\"auto, (max-width: 721px) 100vw, 721px\" \/><\/a><\/div>\n<h5><\/h5>\n<div><span style=\"text-decoration: underline;\">Kosten:<\/span><\/div>\n<div>Die Kosten werden von der <strong>AOK Bayern<\/strong> komplett \u00fcbernommen, nachdem diese den Einzelfall gepr\u00fcft hat.<span style=\"text-decoration: underline;\"> <span style=\"color: #0000ff; text-decoration: underline;\"><a style=\"color: #0000ff; text-decoration: underline;\" href=\"https:\/\/bayern.aok.de\/inhalt\/krampfadern-schonend-behandeln\/\" target=\"_blank\" rel=\"noopener noreferrer\">Hier finden Sie weitere Informationen.<\/a><\/span><\/span><\/div>\n<div><\/div>\n<div>Weitere Krankenkassen, die die Kosten f\u00fcr die Behandlung tragen:<\/div>\n<div><span style=\"text-decoration: underline;\"><span style=\"color: #0000ff; text-decoration: underline;\"><a style=\"color: #0000ff; text-decoration: underline;\" href=\"https:\/\/www.ikk-classic.de\/pk\/rv\/ambulante-operationen\/krampfadern\">\u2022 IKK<\/a><\/span><\/span><\/div>\n<div><span style=\"text-decoration: underline;\"><a href=\"https:\/\/www.bkk-mobil-oil.de\/leistungen-und-vorteile\/im-krankheitsfall\/venenchirurgie.html\"><span style=\"color: #0000ff; text-decoration: underline;\">\u2022 BKK Mobil Oil<\/span><\/a><\/span><\/div>\n<div><\/div>\n<div>Sollten Sie bei einer anderen Krankenkasse versichert sein, sprechen Sie uns bitte an. Viele Krankenkassen entscheiden durch Einzelkostenantrag, ob die Behandlung \u00fcbernommen werden kann.<\/div>\n<h4><\/h4>\n<div><span style=\"text-decoration: underline;\"><span style=\"color: #0000ff; text-decoration: underline;\">&gt;&gt;&gt;<strong><a style=\"color: #0000ff; text-decoration: underline;\" href=\"https:\/\/stutz-dr.com\/wp-content\/uploads\/2018\/01\/Zeitungsart_17-10-06_neu.pdf\" target=\"_blank\" rel=\"noopener noreferrer\">\u00a0Zeitungsartikel Frankenpost 2006<\/a><\/strong><\/span><\/span><\/div>\n<div><span style=\"text-decoration: underline;\"><span style=\"color: #0000ff; text-decoration: underline;\">&gt;&gt;&gt; <strong><a style=\"color: #0000ff; text-decoration: underline;\" href=\"https:\/\/stutz-dr.com\/wp-content\/uploads\/2018\/01\/frankenpost18022012.pdf\" target=\"_blank\" rel=\"noopener noreferrer\">Zeitungsartikel Frankenpost 2012<\/a><\/strong><\/span><\/span><\/div>\n<div><\/div>\n","protected":false},"excerpt":{"rendered":"<p>Laser &#8211; Venentherapie Die endoluminale Laser-Varizenbehandlung ist ein neuartiges, operationsersetzendes, minimal invasives Verfahren zur Behandlung von Krampfadern (Varikosis). Vorteile: nahezu&hellip; <a class=\"read-more\" href=\"https:\/\/stutz-dr.com\/?page_id=30\">Weiterlesen <span class=\"screen-reader-text\">Venenerkrankungen<\/span><\/a><\/p>\n","protected":false},"author":1,"featured_media":0,"parent":0,"menu_order":0,"comment_status":"closed","ping_status":"closed","template":"","meta":{"footnotes":""},"class_list":["post-30","page","type-page","status-publish","hentry"],"jetpack_sharing_enabled":true,"_links":{"self":[{"href":"https:\/\/stutz-dr.com\/index.php?rest_route=\/wp\/v2\/pages\/30","targetHints":{"allow":["GET"]}}],"collection":[{"href":"https:\/\/stutz-dr.com\/index.php?rest_route=\/wp\/v2\/pages"}],"about":[{"href":"https:\/\/stutz-dr.com\/index.php?rest_route=\/wp\/v2\/types\/page"}],"author":[{"embeddable":true,"href":"https:\/\/stutz-dr.com\/index.php?rest_route=\/wp\/v2\/users\/1"}],"replies":[{"embeddable":true,"href":"https:\/\/stutz-dr.com\/index.php?rest_route=%2Fwp%2Fv2%2Fcomments&post=30"}],"version-history":[{"count":13,"href":"https:\/\/stutz-dr.com\/index.php?rest_route=\/wp\/v2\/pages\/30\/revisions"}],"predecessor-version":[{"id":465,"href":"https:\/\/stutz-dr.com\/index.php?rest_route=\/wp\/v2\/pages\/30\/revisions\/465"}],"wp:attachment":[{"href":"https:\/\/stutz-dr.com\/index.php?rest_route=%2Fwp%2Fv2%2Fmedia&parent=30"}],"curies":[{"name":"wp","href":"https:\/\/api.w.org\/{rel}","templated":true}]}}