{"id":31,"date":"2018-01-19T12:41:37","date_gmt":"2018-01-19T12:41:37","guid":{"rendered":"http:\/\/stutz-dr.com\/?page_id=31"},"modified":"2026-03-20T13:21:44","modified_gmt":"2026-03-20T13:21:44","slug":"lipoedem","status":"publish","type":"page","link":"https:\/\/stutz-dr.com\/?page_id=31","title":{"rendered":"Lip\u00f6dem"},"content":{"rendered":"<p><img loading=\"lazy\" decoding=\"async\" class=\"wp-image-218 alignleft\" src=\"https:\/\/stutz-dr.com\/wp-content\/uploads\/2018\/01\/lip\u00f6dem-figur.jpg\" alt=\"\" width=\"198\" height=\"297\" srcset=\"https:\/\/stutz-dr.com\/wp-content\/uploads\/2018\/01\/lip\u00f6dem-figur.jpg 235w, https:\/\/stutz-dr.com\/wp-content\/uploads\/2018\/01\/lip\u00f6dem-figur-200x300.jpg 200w\" sizes=\"auto, (max-width: 198px) 100vw, 198px\" \/><\/p>\n<div>Schlanke Taille<\/div>\n<div>Dicker Po<\/div>\n<div>Dicke Beine<\/div>\n<div><\/div>\n<div><\/div>\n<div><\/div>\n<h1><\/h1>\n<div><span style=\"text-decoration: underline;\"><strong>Was ist ein Lip\u00f6dem?<\/strong><\/span><\/div>\n<div>Das Lip\u00f6dem ist eine <strong>symmetrische Fettverteilungsst\u00f6rung<\/strong>, die zumeist an den Ober &#8211; und Unterschenkeln, oft auch an den Armen auftritt. Die Ursache ist bisher noch unbekannt.<\/div>\n<h3>\u00a0<img loading=\"lazy\" decoding=\"async\" class=\"wp-image-221 alignright\" src=\"https:\/\/stutz-dr.com\/wp-content\/uploads\/2018\/01\/otto.jpg\" alt=\"\" width=\"223\" height=\"298\" srcset=\"https:\/\/stutz-dr.com\/wp-content\/uploads\/2018\/01\/otto.jpg 902w, https:\/\/stutz-dr.com\/wp-content\/uploads\/2018\/01\/otto-225x300.jpg 225w, https:\/\/stutz-dr.com\/wp-content\/uploads\/2018\/01\/otto-768x1025.jpg 768w, https:\/\/stutz-dr.com\/wp-content\/uploads\/2018\/01\/otto-767x1024.jpg 767w, https:\/\/stutz-dr.com\/wp-content\/uploads\/2018\/01\/otto-660x881.jpg 660w\" sizes=\"auto, (max-width: 223px) 100vw, 223px\" \/><\/h3>\n<div style=\"text-align: justify;\">Kennzeichnend ist das <strong>Anschwellen<\/strong> der Beine, besonders in der zweiten Tagesh\u00e4lfte. Die Beine bekommen sehr leicht <strong>&#8222;blaue Flecken&#8220;,<\/strong> oft sind auch leichte Ber\u00fchrungen schon <strong>schmerzhaft.<\/strong> Betroffen sind meist nur Frauen. Das Erscheinungsbild zeigt oft einen ganz schlanken Oberk\u00f6rper und dazu in einem krassen Missverh\u00e4ltnis dicke Beine und einen dicken Po.<\/div>\n<div><\/div>\n<div><\/div>\n<div><\/div>\n<div><\/div>\n<div><\/div>\n<div><\/div>\n<div><\/div>\n<div><\/div>\n<div><\/div>\n<div><\/div>\n<div><\/div>\n<div><\/div>\n<div><\/div>\n<div><\/div>\n<div><\/div>\n<div><\/div>\n<div><\/div>\n<div><\/div>\n<div><img loading=\"lazy\" decoding=\"async\" class=\"alignright wp-image-222\" src=\"https:\/\/stutz-dr.com\/wp-content\/uploads\/2018\/01\/bild43_200.jpg\" alt=\"\" width=\"223\" height=\"437\" srcset=\"https:\/\/stutz-dr.com\/wp-content\/uploads\/2018\/01\/bild43_200.jpg 200w, https:\/\/stutz-dr.com\/wp-content\/uploads\/2018\/01\/bild43_200-153x300.jpg 153w\" sizes=\"auto, (max-width: 223px) 100vw, 223px\" \/><\/div>\n<div style=\"text-align: justify;\">Lokalisiert sind die Verdickungen an den Oberschenkel &#8211; Au\u00dfenseiten (&#8222;Reiterhosen&#8220;) und an den Knie &#8211; Innenseiten. Mit den Jahren reicht das Fett bis zu den Kn\u00f6cheln und verleiht dem Bein eine s\u00e4ulenartige Form (siehe Sp\u00e4tstadium). Charakteristisch ist, dass H\u00e4nde und F\u00fc\u00dfe auch bei einem fortgeschrittenen Befund immer schlank bleiben.<\/div>\n<div style=\"text-align: justify;\">Die wahrnehmbare Ver\u00e4nderung der Figur tritt zumeist in der Pubert\u00e4t oder w\u00e4hrend einer Schwangerschaft auf.<\/div>\n<div style=\"text-align: justify;\"><\/div>\n<div style=\"text-align: left;\">Bei diesen Fettpolstern an den Beinen handelt es sich aber nicht, wie bei der Fettleibigkeit, um gespeichertes Reservefett. Dieses Fett hat eine g\u00e4nzlich andere Struktur und kann damit <span style=\"text-decoration: underline;\"><strong>nicht<\/strong><\/span> durch sportliche Aktivit\u00e4t und Di\u00e4t wieder abgenommen werden.<\/div>\n<div><\/div>\n<div><\/div>\n<div><\/div>\n<div style=\"text-align: left;\">\n<figure id=\"attachment_225\" aria-describedby=\"caption-attachment-225\" style=\"width: 223px\" class=\"wp-caption alignright\"><img loading=\"lazy\" decoding=\"async\" class=\"wp-image-225\" src=\"https:\/\/stutz-dr.com\/wp-content\/uploads\/2018\/01\/bild27_200.jpg\" alt=\"\" width=\"223\" height=\"333\" \/><figcaption id=\"caption-attachment-225\" class=\"wp-caption-text\"><strong><span style=\"color: #000000;\">Sp\u00e4tstadium<\/span><\/strong><\/figcaption><\/figure>\n<\/div>\n<div style=\"text-align: justify;\">Die Mehrzahl von Patientinnen, die sich in den<\/div>\n<div style=\"text-align: justify;\">Spezialpraxen vorstellen, haben schon alle m\u00f6glichen Di\u00e4ten und strenge Abmagerungskuren hinter sich. Sie sind in Sportstudios mit wohlgemeinten Trainingsprogrammen betreut worden, <strong>ohne<\/strong> dass sich an der Unf\u00f6rmigkeit der Beine etwas ge\u00e4ndert h\u00e4tte. Dies f\u00fchrt zu wiederholten Frustrationen und nicht selten erleben die Patientinnen auch Kr\u00e4nkungen im Alltag. Etliche leiden an Magersucht oder Bulimie.<\/div>\n<h1><\/h1>\n<div><span style=\"text-decoration: underline;\"><strong>Untersuchung:<\/strong><\/span><\/div>\n<div>Neben der Befragung zur Vorgeschichte und zur famili\u00e4ren Vorbelastung, reicht die klinische Untersuchung durch Betasten des Gewebes und die Abkl\u00e4rung m\u00f6glicher Begleiterkrankungen der Lymphbahnen oder Blutgef\u00e4\u00dfe aus.<\/div>\n<div>Eine wenig belastende Untersuchung ist die spezielle Ultraschall &#8211; Darstellung. Hier kann sowohl Schichtdicke, als auch Eindr\u00fcckbarkeit und Schmerzhaftigkeit getestet werden. Weitere gezielte Untersuchungen, die nur in wenigen Zentren durchgef\u00fchrt werden, umfassen spezielle R\u00f6ntgenaufnahmen\u00a0der Lymphbahnen.<\/div>\n<div><strong><span style=\"text-decoration: underline;\">Muss das Lip\u00f6dem behandelt werden?<\/span> <\/strong><\/div>\n<div>V\u00f6llig unbehandelt nimmt die Verdickung weiter zu und f\u00fchrt \u00fcber Jahre oft zu monstr\u00f6sen Fettlappen. Dieses Bindegewebe verh\u00e4rtet sich zunehmend und wegen der so riesigen Anzahl an Fettzellen kommt es zu Einschn\u00fcrungen der Lymphgef\u00e4\u00dfe. Somit entsteht als Komplikation ein begleitendes Lymph\u00f6dem. Oft treten durch die Achsenfehlstellung fr\u00fchzeitig Gelenksch\u00e4den besonders an den Kniegelenken auf.<\/div>\n<div><span style=\"text-decoration: underline;\"><span style=\"color: #0000ff;\"><strong><a style=\"color: #0000ff; text-decoration: underline;\" href=\"https:\/\/stutz-dr.com\/wp-content\/uploads\/2018\/01\/1101_Vasomed_Originalarbeit_Stutz.pdf\" target=\"_blank\" rel=\"noopener noreferrer\">&gt;&gt;&gt; Zum Artikel \u00fcber Gelenksp\u00e4tkomplikationen<\/a><\/strong><\/span><\/span><\/div>\n<div><\/div>\n<h1><\/h1>\n<div><span style=\"text-decoration: underline;\"><strong>Behandlungsm\u00f6glichkeiten:<\/strong><\/span><\/div>\n<div><strong>1. Zur Linderung der Beschwerden, ohne die Beinform \u00e4ndern zu k\u00f6nnen:<\/strong><\/div>\n<ul>\n<li>Di\u00e4t, nur bei echtem zus\u00e4tzlichen \u00dcbergewicht!<\/li>\n<li>Komplexe physikalische Entstauung, kann bei starken Symptomen verordnet werden. Darunter versteht man die manuelle Lymphdrainage mit anschlie\u00dfender Bandagierung und spezieller Hautpflege. <strong>Seit 2017 bezahlen die Krankenkassen allerdings nur noch Lymphdrainagen mit der Diagnose Lymph\u00f6dem Stadium II. <\/strong><\/li>\n<li>Kompressionsversorgung, hier muss individuell eine optimale Bestrumpfung gefunden werden.<\/li>\n<\/ul>\n<div><strong>2. Zur Beseitigung der Beschwerden und zur Korrektur der Beinform:<\/strong><\/div>\n<div>\n<ul>\n<li>Liposuktion, hier werden in lokaler Bet\u00e4ubung die bewegungsbehindernden Wulste und schmerzenden Fettpolster entfernt. Dabei m\u00fcssen besonders die lymphatischen Strukturen geschont werden. Dies wird durch eine besonders sanfte Art der Fettabsaugung, der Wasserstrahl &#8211; Assistierten &#8211; Liposuktion erreicht. (Siehe auch Info &#8211; Mappe Liposuktion, die sie nach Ihrem Besuch bei uns erhalten)<\/li>\n<li>F\u00fcr die Nachsorge muss f\u00fcr 4-6 Wochen ein eigens angepasstes Kompressions &#8211; Mieder\u00a0getragen werden &#8211; davon 2 Wochen 24 Stunden Tag und Nacht.<\/li>\n<li>W\u00e4hrend die unter 1.) aufgef\u00fchrten konservativen Behandlungen ein Leben lang durchgef\u00fchrt werden m\u00fcssen, werden bei der Liposuktion die beschwerdeausl\u00f6senden Fettzellen dauerhaft entfernt. Daraus ergeben sich durch die Harmonisierung zwischen Oberk\u00f6rper und Beinen, neben einer verbesserten optischen Erscheinung, auch ein Abklingen der Schmerzen und der Schwellneigung durch Steigerung des Lymphabflusses.\u00a0\u00a0\u00a0\u00a0\u00a0\u00a0\u00a0\u00a0\u00a0\u00a0\u00a0\u00a0\u00a0\u00a0\u00a0\u00a0\u00a0\u00a0\u00a0\u00a0\u00a0\u00a0\u00a0\u00a0\u00a0\u00a0\u00a0\u00a0\u00a0\u00a0\u00a0\u00a0\u00a0\u00a0\u00a0\u00a0\u00a0\u00a0\u00a0\u00a0\u00a0\u00a0\u00a0\u00a0\u00a0\u00a0\u00a0\u00a0\u00a0\u00a0\u00a0\u00a0\u00a0\u00a0\u00a0\u00a0\u00a0\u00a0\u00a0\u00a0\u00a0\u00a0\u00a0\u00a0\u00a0\u00a0\u00a0\u00a0\u00a0\u00a0\u00a0\u00a0\u00a0\u00a0\u00a0\u00a0\u00a0\u00a0\u00a0\u00a0\u00a0\u00a0\u00a0\u00a0\u00a0\u00a0\u00a0\u00a0\u00a0\u00a0\u00a0\u00a0\u00a0\u00a0\u00a0\u00a0\u00a0\u00a0\u00a0\u00a0\u00a0\u00a0\u00a0\u00a0\u00a0\u00a0\u00a0\u00a0\u00a0\u00a0\u00a0\u00a0\u00a0\u00a0\u00a0\u00a0\u00a0\u00a0 <strong>Deshalb kann auf die unter 1.) aufgef\u00fchrten Ma\u00dfnahmen im Gro\u00dfteil der F\u00e4lle verzichtet werden.<\/strong><\/li>\n<\/ul>\n<\/div>\n<p><span style=\"text-decoration: underline;\"><strong>Kosten:<\/strong><\/span><\/p>\n<p>Es ist unsicher, WANN die Liposuktion f\u00fcr alle drei Stadien des Lip\u00f6dems Kassenleistung wird.<\/p>\n<p>Im Juli 2025 hat der G-BA (Gemeinsame Bundesausschuss) beschlossen, dass die Liposuktion (unter bestimmten Bedigungen) auch f\u00fcr die Stadien I und II des Lip\u00f6dems Kassenleistung wird. Bisher ist die Liposuktion bei einem Lip\u00f6dem nur im Stadium III und als befristete Ausnahme eine Kassenleistung.<\/p>\n<p>Aktuell gibt es noch keine Abrechnungsziffern (EBM). Sobald diese festgelegt werden, wissen wir ob diese Leistungen auch im ambulanten Bereich oder ausschlie\u00dflich in station\u00e4ren Aufenthalten\/Kliniken \u00fcbernommen werden.<\/p>\n<p>&nbsp;<\/p>\n<p>Quelle: <a href=\"https:\/\/lipoedemportal.de\/aktuelle-informationen-lipoedem.htm\">Lip\u00f6dem Portal \/ Aktuelles\u00a0<\/a><\/p>\n<p>&nbsp;<\/p>\n<blockquote><p><span style=\"font-size: 18pt;\">Durch die Fettabsaugung gelingt eine Verbesserung der Lebensqualit\u00e4t, die weit dar\u00fcber hinaus geht, was mit konservativer Therapie erreicht werden kann. Die Liposuktion schafft erst die Voraussetzung wieder schmerzfrei Sport zu treiben und unbelastet zum Beispiel zum Schwimmen zu gehen. Es kommt zur Normalisierung des Stoffwechsels und der Gewichtsreduktion.<\/span><\/p><\/blockquote>\n","protected":false},"excerpt":{"rendered":"<p>Schlanke Taille Dicker Po Dicke Beine Was ist ein Lip\u00f6dem? Das Lip\u00f6dem ist eine symmetrische Fettverteilungsst\u00f6rung, die zumeist an den&hellip; <a class=\"read-more\" href=\"https:\/\/stutz-dr.com\/?page_id=31\">Weiterlesen <span class=\"screen-reader-text\">Lip\u00f6dem<\/span><\/a><\/p>\n","protected":false},"author":1,"featured_media":0,"parent":0,"menu_order":0,"comment_status":"closed","ping_status":"closed","template":"","meta":{"footnotes":""},"class_list":["post-31","page","type-page","status-publish","hentry"],"jetpack_sharing_enabled":true,"_links":{"self":[{"href":"https:\/\/stutz-dr.com\/index.php?rest_route=\/wp\/v2\/pages\/31","targetHints":{"allow":["GET"]}}],"collection":[{"href":"https:\/\/stutz-dr.com\/index.php?rest_route=\/wp\/v2\/pages"}],"about":[{"href":"https:\/\/stutz-dr.com\/index.php?rest_route=\/wp\/v2\/types\/page"}],"author":[{"embeddable":true,"href":"https:\/\/stutz-dr.com\/index.php?rest_route=\/wp\/v2\/users\/1"}],"replies":[{"embeddable":true,"href":"https:\/\/stutz-dr.com\/index.php?rest_route=%2Fwp%2Fv2%2Fcomments&post=31"}],"version-history":[{"count":14,"href":"https:\/\/stutz-dr.com\/index.php?rest_route=\/wp\/v2\/pages\/31\/revisions"}],"predecessor-version":[{"id":476,"href":"https:\/\/stutz-dr.com\/index.php?rest_route=\/wp\/v2\/pages\/31\/revisions\/476"}],"wp:attachment":[{"href":"https:\/\/stutz-dr.com\/index.php?rest_route=%2Fwp%2Fv2%2Fmedia&parent=31"}],"curies":[{"name":"wp","href":"https:\/\/api.w.org\/{rel}","templated":true}]}}