{"id":32,"date":"2018-01-19T12:41:37","date_gmt":"2018-01-19T12:41:37","guid":{"rendered":"http:\/\/stutz-dr.com\/?page_id=32"},"modified":"2025-07-31T07:36:26","modified_gmt":"2025-07-31T07:36:26","slug":"qualitaetsmanagement","status":"publish","type":"page","link":"https:\/\/stutz-dr.com\/?page_id=32","title":{"rendered":"Qualit\u00e4tsmanagement"},"content":{"rendered":"<div>Im September 1999 wurde in unserer Praxisklinik ein System zur Qualit\u00e4tssicherung eingef\u00fchrt und im Januar 2000 wurden wir dann durch ein unabh\u00e4ngiges Institut nach Norm DIN ISO 9001 und 46001 zertifiziert.<\/div>\n<div><\/div>\n<div>Wir versuchen damit, unsere Arbeitsabl\u00e4ufe st\u00e4ndig weiter zu optimieren und den W\u00fcnschen unserer Patienten und zuweisenden \u00c4rzten n\u00e4her zu kommen.<\/div>\n<div>Unser Motto ist:<\/div>\n<h4><\/h4>\n<blockquote><p>Auch Gutes kann verbessert werden!<\/p><\/blockquote>\n<div>Wir ermitteln durch regelm\u00e4\u00dfige Patienten und Arztbefragungen was wir noch weiter verbessern k\u00f6nnen und haben es geschafft,\u00a0die Wartezeiten f\u00fcr die Patienten in den meisten F\u00e4llen auf maximal einer halben Stunde zu beschr\u00e4nken.<\/div>\n<p>&nbsp;<\/p>\n<div>Durch die Hohe Spezialisierung haben wir es erreicht, dass die Behandlungen schnellstm\u00f6glich und risikoarm durchgef\u00fchrt werden.<\/div>\n<p>&nbsp;<\/p>\n<div>Sollten Sie Fragen oder Kommentare, Anregungen oder W\u00fcnsche haben, schicken Sie uns eine E-Mail: <span style=\"text-decoration: underline;\"><strong><span style=\"color: #0000ff;\"><a style=\"color: #0000ff; text-decoration: underline;\" href=\"mailto:stutz.dr@t-online.de\">stutz.dr@t-online.de<\/a><\/span><\/strong><\/span><\/div>\n","protected":false},"excerpt":{"rendered":"<p>Im September 1999 wurde in unserer Praxisklinik ein System zur Qualit\u00e4tssicherung eingef\u00fchrt und im Januar 2000 wurden wir dann durch&hellip; <a class=\"read-more\" href=\"https:\/\/stutz-dr.com\/?page_id=32\">Weiterlesen <span class=\"screen-reader-text\">Qualit\u00e4tsmanagement<\/span><\/a><\/p>\n","protected":false},"author":1,"featured_media":0,"parent":0,"menu_order":0,"comment_status":"closed","ping_status":"closed","template":"","meta":{"footnotes":""},"class_list":["post-32","page","type-page","status-publish","hentry"],"jetpack_sharing_enabled":true,"_links":{"self":[{"href":"https:\/\/stutz-dr.com\/index.php?rest_route=\/wp\/v2\/pages\/32","targetHints":{"allow":["GET"]}}],"collection":[{"href":"https:\/\/stutz-dr.com\/index.php?rest_route=\/wp\/v2\/pages"}],"about":[{"href":"https:\/\/stutz-dr.com\/index.php?rest_route=\/wp\/v2\/types\/page"}],"author":[{"embeddable":true,"href":"https:\/\/stutz-dr.com\/index.php?rest_route=\/wp\/v2\/users\/1"}],"replies":[{"embeddable":true,"href":"https:\/\/stutz-dr.com\/index.php?rest_route=%2Fwp%2Fv2%2Fcomments&post=32"}],"version-history":[{"count":6,"href":"https:\/\/stutz-dr.com\/index.php?rest_route=\/wp\/v2\/pages\/32\/revisions"}],"predecessor-version":[{"id":468,"href":"https:\/\/stutz-dr.com\/index.php?rest_route=\/wp\/v2\/pages\/32\/revisions\/468"}],"wp:attachment":[{"href":"https:\/\/stutz-dr.com\/index.php?rest_route=%2Fwp%2Fv2%2Fmedia&parent=32"}],"curies":[{"name":"wp","href":"https:\/\/api.w.org\/{rel}","templated":true}]}}